{"id":10883,"date":"2021-11-09T13:30:12","date_gmt":"2021-11-09T13:30:12","guid":{"rendered":"https:\/\/lemonde.express\/submit-news\/"},"modified":"2025-12-16T18:24:09","modified_gmt":"2025-12-16T18:24:09","slug":"nachrichten-einreichen","status":"publish","type":"page","link":"https:\/\/lemonde.express\/de\/nachrichten-einreichen\/","title":{"rendered":"Nachrichten einreichen"},"content":{"rendered":"\t\t<div data-elementor-type=\"wp-page\" data-elementor-id=\"10883\" class=\"elementor elementor-10883 elementor-1394\">\n\t\t\t\t\t\t<section class=\"penci-section penci-disSticky penci-structure-10 elementor-section elementor-top-section elementor-element elementor-element-ae04724 elementor-section-boxed elementor-section-height-default elementor-section-height-default\" data-id=\"ae04724\" data-element_type=\"section\" data-e-type=\"section\">\n\t\t\t\t\t\t<div class=\"elementor-container elementor-column-gap-default\">\n\t\t\t\t\t<div class=\"penci-ercol-100 penci-ercol-order-1 penci-sticky-ct    elementor-column elementor-col-100 elementor-top-column elementor-element elementor-element-1763469\" data-id=\"1763469\" data-element_type=\"column\" data-e-type=\"column\">\n\t\t\t<div class=\"elementor-widget-wrap elementor-element-populated\">\n\t\t\t\t\t\t<div class=\"elementor-element elementor-element-384a90e elementor-widget elementor-widget-heading\" data-id=\"384a90e\" data-element_type=\"widget\" data-e-type=\"widget\" data-widget_type=\"heading.default\">\n\t\t\t\t<div class=\"elementor-widget-container\">\n\t\t\t\t\t<h2 class=\"elementor-heading-title elementor-size-default\">Reichen Sie einen Nachrichtenartikel oder eine Pressemitteilung zur Verbreitung in der EMEAA-Region ein.<\/h2>\t\t\t\t<\/div>\n\t\t\t\t<\/div>\n\t\t\t\t<div class=\"elementor-element elementor-element-dcb524a elementor-widget elementor-widget-text-editor\" data-id=\"dcb524a\" data-element_type=\"widget\" data-e-type=\"widget\" data-widget_type=\"text-editor.default\">\n\t\t\t\t<div class=\"elementor-widget-container\">\n\t\t\t\t\t\t\t\t\t<p>Le Monde Express ver\u00f6ffentlicht und verbreitet in Zusammenarbeit mit EuropeNewswire.net Pressemitteilungen \u00fcber Medienkan\u00e4le in Europa, dem Nahen Osten, Afrika, Asien (EMEAA) und den Vereinigten Staaten. F\u00fcr die Verbreitung von Pressemitteilungen in der EMEAA-Region und in den USA kontaktieren Sie uns bitte \u00fcber <a href=\"https:\/\/api.whatsapp.com\/send\/?phone=18327162363&amp;text&amp;app_absent=0\" target=\"_blank\" rel=\"noopener\">WhatsApp<\/a> oder <a href=\"https:\/\/t.me\/groupwebmedia\">Telegram<\/a>.<\/p><h2><a href=\"https:\/\/lemonde.express\/de\/die-verteilung-von-pressemitteilungen-in-der-emeaa-region-europa-naher-osten-afrika-asien-und-in-nordamerikanischen-laendern-bietet-vielfaeltige-strategische-vorteile\/\">Die Verteilung von Pressemitteilungen in der EMEAA-Region (Europa, Naher Osten, Afrika, Asien) und in nordamerikanischen L\u00e4ndern bietet vielf\u00e4ltige strategische Vorteile<\/a><\/h2><p>PARIS \u2013 (<a href=\"https:\/\/europenewswire.net\" target=\"_blank\" rel=\"noopener\">EuropeNewswire.net<\/a>) \u2014 Die Verbreitung von Pressemitteilungen in der EMEAA-Region (Europa, Naher Osten, Afrika, Asien) sowie in nordamerikanischen L\u00e4ndern bietet zahlreiche strategische Vorteile, wenn wichtige Sprachen wie Arabisch, Franz\u00f6sisch, Englisch, Deutsch, Italienisch, Mandarin und Spanisch genutzt werden. Diese Vorteile ergeben sich aus einer erweiterten Reichweite, zielgerichteter Kommunikation, erh\u00f6hter Markensichtbarkeit, verbesserter Suchmaschinenoptimierung (SEO), diversifiziertem Marktengagement und kultureller Abstimmung. Diese Vorteile sind entscheidend f\u00fcr Organisationen, die ihre Pr\u00e4senz in diesen sprachlich und kulturell vielf\u00e4ltigen Regionen ausbauen m\u00f6chten.<\/p><p><strong>Breite und lokale Reichweite durch mehrsprachige Pressemitteilungen<\/strong><\/p><p>Der Einsatz mehrerer Sprachen erm\u00f6glicht es Unternehmen, Pressemitteilungen effektiv in unterschiedlichen M\u00e4rkten innerhalb der EMEAA-Region und Nordamerikas zu verbreiten. Arabisch ist f\u00fcr den Nahen Osten und Nordafrika unerl\u00e4sslich, Franz\u00f6sisch bedient bedeutende Zielgruppen in Europa, Afrika und Teilen Kanadas, w\u00e4hrend Englisch als globale Verkehrssprache Nordamerika, Teile Europas und Asiens abdeckt. Deutsch, Italienisch und Spanisch sind f\u00fcr wichtige europ\u00e4ische M\u00e4rkte von zentraler Bedeutung, und Mandarin er\u00f6ffnet den Zugang zur riesigen chinesischsprachigen Bev\u00f6lkerung. Durch die Ausrichtung von Pressemitteilungen in diesen Sprachen stellen Unternehmen sicher, dass ihre Botschaften lokal ankommen und gleichzeitig globale Sichtbarkeit erzielen, wodurch eine Balance zwischen gro\u00dfer Reichweite und regionaler Relevanz geschaffen wird.<\/p><p><strong>Steigerung der Markenbekanntheit und Glaubw\u00fcrdigkeit<\/strong><\/p><p>Die Verbreitung von Pressemitteilungen in den jeweiligen Landessprachen tr\u00e4gt dazu bei, Vertrauen und Glaubw\u00fcrdigkeit aufzubauen. Inhalte in der lokalen Sprache werden mit gr\u00f6\u00dferer Wahrscheinlichkeit von regionalen Journalisten und Medien aufgegriffen, was die Medienpr\u00e4senz erh\u00f6ht und ein st\u00e4rkeres Engagement der Stakeholder f\u00f6rdert. Zudem signalisiert dies Respekt f\u00fcr kulturelle Besonderheiten und verbessert die Beziehungen zu lokalen Zielgruppen, Investoren und Partnern. Mehrsprachige Pressemitteilungen vermeiden Missverst\u00e4ndnisse und Kommunikationsprobleme, die bei \u00fcbersetzten Inhalten auftreten k\u00f6nnen, und st\u00e4rken dadurch den Ruf und die wahrgenommene Legitimit\u00e4t eines Unternehmens.<\/p><p><strong>Zielgerichtete Ansprache der Zielgruppen<\/strong><\/p><p>Mehrsprachige Pressemitteilungen erm\u00f6glichen eine pr\u00e4zisere Ansprache spezifischer sprachlicher und kultureller Zielgruppen. Dies ist besonders hilfreich f\u00fcr Unternehmen mit regionsspezifischen Angeboten oder Kampagnen. So hilft beispielsweise eine Pressemitteilung auf kanadischem Franz\u00f6sisch und mexikanischem Spanisch nordamerikanischen Unternehmen, diese M\u00e4rkte besser zu erreichen. Ebenso k\u00f6nnen arabischsprachige Pressemitteilungen mehrere L\u00e4nder im Nahen Osten mit gezielt abgestimmten Botschaften ansprechen. Dieser zielgerichtete Ansatz erh\u00f6ht die Wahrscheinlichkeit, die richtigen Journalisten, Kunden und Influencer zu erreichen, und steigert das Engagement sowie die Konversionschancen&#8230;<a href=\"https:\/\/lemonde.express\/de\/die-verteilung-von-pressemitteilungen-in-der-emeaa-region-europa-naher-osten-afrika-asien-und-in-nordamerikanischen-laendern-bietet-vielfaeltige-strategische-vorteile\/\">mehr lesen<\/a><\/p><p>\u00a0<\/p><div id=\"simple-translate\" class=\"simple-translate-system-theme\"><div><div class=\"simple-translate-button lazyload\" style=\"background-image:inherit; height: 22px; width: 22px; top: 10px; left: 10px;\" data-bg-image=\"url(&#039;moz-extension:\/\/c2b7f532-5692-40b8-831b-53cdd97dfa16\/icons\/512.png&#039;)\">\u00a0<\/div><div class=\"simple-translate-panel isShow\" style=\"width: 300px; height: 108px; top: 132px; left: 10px; font-size: 13px;\"><div class=\"simple-translate-result-wrapper\" style=\"overflow: hidden;\"><div class=\"simple-translate-move\" draggable=\"true\">\u00a0<\/div><div class=\"simple-translate-result-contents\"><p class=\"simple-translate-result\" dir=\"auto\">Distributing press releases in the EMEAA region (Europe, Middle East, Africa, Asia) and North American countries offers a variety of strategic advantages<\/p><p class=\"simple-translate-candidate\" dir=\"auto\">\u00a0<\/p><\/div><\/div><\/div><\/div><\/div>\t\t\t\t\t\t\t\t<\/div>\n\t\t\t\t<\/div>\n\t\t\t\t\t<\/div>\n\t\t<\/div>\n\t\t\t\t\t<\/div>\n\t\t<\/section>\n\t\t\t\t<\/div>\n\t\t","protected":false},"excerpt":{"rendered":"<p>Reichen Sie einen Nachrichtenartikel oder eine Pressemitteilung zur Verbreitung in der EMEAA-Region ein. Le Monde Express ver\u00f6ffentlicht und verbreitet in Zusammenarbeit mit&hellip;<\/p>\n","protected":false},"author":1,"featured_media":0,"parent":0,"menu_order":0,"comment_status":"closed","ping_status":"closed","template":"","meta":{"_lmt_disableupdate":"no","_lmt_disable":"","footnotes":""},"class_list":["post-10883","page","type-page","status-publish","hentry"],"_links":{"self":[{"href":"https:\/\/lemonde.express\/de\/wp-json\/wp\/v2\/pages\/10883","targetHints":{"allow":["GET"]}}],"collection":[{"href":"https:\/\/lemonde.express\/de\/wp-json\/wp\/v2\/pages"}],"about":[{"href":"https:\/\/lemonde.express\/de\/wp-json\/wp\/v2\/types\/page"}],"author":[{"embeddable":true,"href":"https:\/\/lemonde.express\/de\/wp-json\/wp\/v2\/users\/1"}],"replies":[{"embeddable":true,"href":"https:\/\/lemonde.express\/de\/wp-json\/wp\/v2\/comments?post=10883"}],"version-history":[{"count":0,"href":"https:\/\/lemonde.express\/de\/wp-json\/wp\/v2\/pages\/10883\/revisions"}],"wp:attachment":[{"href":"https:\/\/lemonde.express\/de\/wp-json\/wp\/v2\/media?parent=10883"}],"curies":[{"name":"wp","href":"https:\/\/api.w.org\/{rel}","templated":true}]}}