{"id":10884,"date":"2021-11-09T13:30:12","date_gmt":"2021-11-09T13:30:12","guid":{"rendered":"https:\/\/lemonde.express\/submit-news\/"},"modified":"2025-12-16T18:26:22","modified_gmt":"2025-12-16T18:26:22","slug":"invia-notizie","status":"publish","type":"page","link":"https:\/\/lemonde.express\/it\/invia-notizie\/","title":{"rendered":"Invia notizie"},"content":{"rendered":"\t\t<div data-elementor-type=\"wp-page\" data-elementor-id=\"10884\" class=\"elementor elementor-10884 elementor-1394\">\n\t\t\t\t\t\t<section class=\"penci-section penci-disSticky penci-structure-10 elementor-section elementor-top-section elementor-element elementor-element-ae04724 elementor-section-boxed elementor-section-height-default elementor-section-height-default\" data-id=\"ae04724\" data-element_type=\"section\" data-e-type=\"section\">\n\t\t\t\t\t\t<div class=\"elementor-container elementor-column-gap-default\">\n\t\t\t\t\t<div class=\"penci-ercol-100 penci-ercol-order-1 penci-sticky-ct    elementor-column elementor-col-100 elementor-top-column elementor-element elementor-element-1763469\" data-id=\"1763469\" data-element_type=\"column\" data-e-type=\"column\">\n\t\t\t<div class=\"elementor-widget-wrap elementor-element-populated\">\n\t\t\t\t\t\t<div class=\"elementor-element elementor-element-384a90e elementor-widget elementor-widget-heading\" data-id=\"384a90e\" data-element_type=\"widget\" data-e-type=\"widget\" data-widget_type=\"heading.default\">\n\t\t\t\t<div class=\"elementor-widget-container\">\n\t\t\t\t\t<h2 class=\"elementor-heading-title elementor-size-default\">Invia un articolo di notizie o un comunicato stampa per la distribuzione nell'area EMEAA<\/h2>\t\t\t\t<\/div>\n\t\t\t\t<\/div>\n\t\t\t\t<div class=\"elementor-element elementor-element-dcb524a elementor-widget elementor-widget-text-editor\" data-id=\"dcb524a\" data-element_type=\"widget\" data-e-type=\"widget\" data-widget_type=\"text-editor.default\">\n\t\t\t\t<div class=\"elementor-widget-container\">\n\t\t\t\t\t\t\t\t\t<p>Le Monde Express, in collaborazione con EuropeNewswire.net, pubblica e distribuisce comunicati stampa attraverso i media in Europa, Medio Oriente, Africa, Asia (EMEAA) e negli Stati Uniti. Per la distribuzione di comunicati stampa nella regione EMEAA e negli Stati Uniti, contattaci tramite <a href=\"https:\/\/api.whatsapp.com\/send\/?phone=18327162363&amp;text&amp;app_absent=0\" target=\"_blank\" rel=\"noopener\">WhatsApp<\/a> o <a href=\"https:\/\/t.me\/groupwebmedia\">Telegram<\/a>.<\/p><h2><a href=\"https:\/\/lemonde.express\/it\/la-distribuzione-di-comunicati-stampa-nella-regione-emeaa-europa-medio-oriente-africa-asia-e-nei-paesi-del-nord-america-presenta-molteplici-vantaggi-strategici\/\">La distribuzione di comunicati stampa nella regione EMEAA (Europa, Medio Oriente, Africa, Asia) e nei paesi del Nord America presenta molteplici vantaggi strategici<\/a><\/h2><p>PARIGI \u2013 (<a href=\"https:\/\/europenewswire.net\" target=\"_blank\" rel=\"noopener\">EuropeNewswire.net<\/a>) \u2014 La distribuzione di comunicati stampa nella regione EMEAA (Europa, Medio Oriente, Africa, Asia) e nei paesi del Nord America offre molteplici vantaggi strategici quando si sfruttano lingue chiave come l\u2019arabo, il francese, l\u2019inglese, il tedesco, l\u2019italiano, il mandarino e lo spagnolo. Questi vantaggi derivano da una maggiore copertura del pubblico, da una comunicazione mirata, da una maggiore visibilit\u00e0 del marchio, dal miglioramento dell\u2019ottimizzazione per i motori di ricerca (SEO), da un coinvolgimento diversificato dei mercati e da un allineamento culturale. Tali benefici sono fondamentali per le organizzazioni che mirano ad ampliare la propria presenza in regioni linguisticamente e culturalmente diversificate.<\/p><p><strong>Ampia portata globale e locale con comunicati stampa multilingue<\/strong><\/p><p>L\u2019utilizzo di pi\u00f9 lingue consente alle aziende di distribuire efficacemente comunicati stampa in mercati diversificati all\u2019interno della regione EMEAA e del Nord America. L\u2019arabo \u00e8 essenziale per il Medio Oriente e il Nord Africa, il francese serve ampie audience in Europa, Africa e in alcune aree del Canada, mentre l\u2019inglese funge da lingua franca globale coprendo il Nord America, parti dell\u2019Europa e dell\u2019Asia. Il tedesco, l\u2019italiano e lo spagnolo sono fondamentali per i principali mercati europei, mentre il mandarino apre l\u2019accesso alla vasta popolazione di lingua cinese. Allineando i comunicati stampa in queste lingue, le aziende garantiscono che i propri messaggi risuonino a livello locale raggiungendo al contempo una visibilit\u00e0 globale, bilanciando un\u2019ampia portata con la rilevanza regionale.<\/p><p><strong>Aumento della notoriet\u00e0 del marchio e della credibilit\u00e0<\/strong><\/p><p>La distribuzione di comunicati stampa nelle lingue native contribuisce a creare fiducia e credibilit\u00e0. I contenuti in lingua locale hanno maggiori probabilit\u00e0 di essere ripresi da giornalisti e media regionali, aumentando l\u2019esposizione mediatica e favorendo un maggiore coinvolgimento degli stakeholder. Inoltre, segnala rispetto per le sfumature culturali, migliorando le relazioni con il pubblico locale, gli investitori e i partner. I comunicati stampa multilingue prevengono incomprensioni e problemi di comunicazione che possono sorgere da contenuti tradotti, rafforzando cos\u00ec la reputazione e la legittimit\u00e0 percepita di un\u2019azienda.<\/p><p><strong>Coinvolgimento mirato del pubblico<\/strong><\/p><p>I comunicati stampa multilingue consentono un targeting pi\u00f9 preciso di specifici segmenti demografici linguistici e culturali. Ci\u00f2 \u00e8 particolarmente utile per le aziende con offerte o campagne specifiche per determinate regioni. Ad esempio, un comunicato stampa tradotto in francese canadese e spagnolo messicano aiuta le aziende nordamericane a connettersi meglio con tali mercati. Allo stesso modo, i comunicati in lingua araba possono rivolgersi a pi\u00f9 paesi del Medio Oriente con messaggi personalizzati. Questo approccio mirato aumenta la probabilit\u00e0 di raggiungere i giornalisti, i clienti e gli influencer giusti, incrementando il coinvolgimento e le opportunit\u00e0 di conversione&#8230;<a href=\"https:\/\/lemonde.express\/it\/la-distribuzione-di-comunicati-stampa-nella-regione-emeaa-europa-medio-oriente-africa-asia-e-nei-paesi-del-nord-america-presenta-molteplici-vantaggi-strategici\/\">Per saperne di pi\u00f9<\/a><\/p><p>\u00a0<\/p><div id=\"simple-translate\" class=\"simple-translate-system-theme\"><div><div class=\"simple-translate-button lazyload\" style=\"background-image:inherit; height: 22px; width: 22px; top: 10px; left: 10px;\" data-bg-image=\"url(&#039;moz-extension:\/\/c2b7f532-5692-40b8-831b-53cdd97dfa16\/icons\/512.png&#039;)\">\u00a0<\/div><div class=\"simple-translate-panel isShow\" style=\"width: 300px; height: 108px; top: 132px; left: 10px; font-size: 13px;\"><div class=\"simple-translate-result-wrapper\" style=\"overflow: hidden;\"><div class=\"simple-translate-move\" draggable=\"true\">\u00a0<\/div><div class=\"simple-translate-result-contents\"><p class=\"simple-translate-result\" dir=\"auto\">Distributing press releases in the EMEAA (Europe, Middle East, Africa, Asia) region and North American countries has multiple strategic advantages<\/p><p class=\"simple-translate-candidate\" dir=\"auto\">\u00a0<\/p><\/div><\/div><\/div><\/div><\/div>\t\t\t\t\t\t\t\t<\/div>\n\t\t\t\t<\/div>\n\t\t\t\t\t<\/div>\n\t\t<\/div>\n\t\t\t\t\t<\/div>\n\t\t<\/section>\n\t\t\t\t<\/div>\n\t\t","protected":false},"excerpt":{"rendered":"<p>Invia un articolo di notizie o un comunicato stampa per la distribuzione nell&#8217;area EMEAA Le Monde Express, in collaborazione con EuropeNewswire.net, pubblica&hellip;<\/p>\n","protected":false},"author":1,"featured_media":0,"parent":0,"menu_order":0,"comment_status":"closed","ping_status":"closed","template":"","meta":{"_lmt_disableupdate":"","_lmt_disable":"","footnotes":""},"class_list":["post-10884","page","type-page","status-publish","hentry"],"_links":{"self":[{"href":"https:\/\/lemonde.express\/it\/wp-json\/wp\/v2\/pages\/10884","targetHints":{"allow":["GET"]}}],"collection":[{"href":"https:\/\/lemonde.express\/it\/wp-json\/wp\/v2\/pages"}],"about":[{"href":"https:\/\/lemonde.express\/it\/wp-json\/wp\/v2\/types\/page"}],"author":[{"embeddable":true,"href":"https:\/\/lemonde.express\/it\/wp-json\/wp\/v2\/users\/1"}],"replies":[{"embeddable":true,"href":"https:\/\/lemonde.express\/it\/wp-json\/wp\/v2\/comments?post=10884"}],"version-history":[{"count":0,"href":"https:\/\/lemonde.express\/it\/wp-json\/wp\/v2\/pages\/10884\/revisions"}],"wp:attachment":[{"href":"https:\/\/lemonde.express\/it\/wp-json\/wp\/v2\/media?parent=10884"}],"curies":[{"name":"wp","href":"https:\/\/api.w.org\/{rel}","templated":true}]}}